{"id":3,"date":"2021-11-19T00:37:46","date_gmt":"2021-11-19T00:37:46","guid":{"rendered":"http:\/\/gwcoloradoproperty.com\/?page_id=3"},"modified":"2022-10-05T11:47:44","modified_gmt":"2022-10-05T11:47:44","slug":"privacy-policy","status":"publish","type":"page","link":"https:\/\/gwcoloradoproperty.com\/fr\/politique-de-confidentialite\/","title":{"rendered":"politique de confidentialit\u00e9"},"content":{"rendered":"<h2 class=\"wp-block-heading\">Qui nous sommes<\/h2>\n\n\n\n<p><strong class=\"privacy-policy-tutorial\">Texte sugg\u00e9r\u00e9\u00a0: <\/strong>Our website address is: http:\/\/gwcoloradoproperty.com.<\/p>\n\n\n\n<h2 class=\"wp-block-heading\">commentaires<\/h2>\n\n\n\n<p><strong class=\"privacy-policy-tutorial\">Texte sugg\u00e9r\u00e9\u00a0: <\/strong>Lorsque les visiteurs laissent des commentaires sur le site, nous collectons les donn\u00e9es affich\u00e9es dans le formulaire de commentaires, ainsi que l&#039;adresse IP du visiteur et la cha\u00eene de l&#039;agent utilisateur du navigateur pour faciliter la d\u00e9tection du spam.<\/p>\n\n\n\n<p>Une cha\u00eene anonymis\u00e9e cr\u00e9\u00e9e \u00e0 partir de votre adresse e-mail (\u00e9galement appel\u00e9e hachage) peut \u00eatre fournie au service Gravatar pour voir si vous l&#039;utilisez. La politique de confidentialit\u00e9 du service Gravatar est disponible ici : https:\/\/automattic.com\/privacy\/. Apr\u00e8s validation de votre commentaire, votre photo de profil est visible publiquement \u00e0 c\u00f4t\u00e9 de votre commentaire.<\/p>\n\n\n\n<h2 class=\"wp-block-heading\">M\u00e9dias<\/h2>\n\n\n\n<p><strong class=\"privacy-policy-tutorial\">Texte sugg\u00e9r\u00e9\u00a0: <\/strong>Si vous t\u00e9l\u00e9chargez des images sur le site Web, vous devez \u00e9viter de t\u00e9l\u00e9charger des images avec des donn\u00e9es de localisation int\u00e9gr\u00e9es (EXIF GPS) incluses. Les visiteurs du site Web peuvent t\u00e9l\u00e9charger et extraire toutes les donn\u00e9es de localisation des images sur le site Web.<\/p>\n\n\n\n<h2 class=\"wp-block-heading\">Biscuits<\/h2>\n\n\n\n<p><strong class=\"privacy-policy-tutorial\">Texte sugg\u00e9r\u00e9\u00a0: <\/strong>Si vous laissez un commentaire sur notre site, vous pouvez choisir d&#039;enregistrer votre nom, votre adresse e-mail et votre site Web dans des cookies. Ceux-ci sont pour votre commodit\u00e9 afin que vous n&#039;ayez pas \u00e0 remplir \u00e0 nouveau vos coordonn\u00e9es lorsque vous laissez un autre commentaire. Ces cookies dureront un an.<\/p>\n\n\n\n<p>Si vous visitez notre page de connexion, nous installerons un cookie temporaire pour d\u00e9terminer si votre navigateur accepte les cookies. Ce cookie ne contient aucune donn\u00e9e personnelle et est supprim\u00e9 lorsque vous fermez votre navigateur.<\/p>\n\n\n\n<p>Lors de votre connexion, nous mettrons \u00e9galement en place plusieurs cookies pour enregistrer vos informations de connexion et vos choix d&#039;affichage \u00e0 l&#039;\u00e9cran. Les cookies de connexion durent deux jours et les cookies d&#039;options d&#039;\u00e9cran durent un an. Si vous s\u00e9lectionnez &quot;Se souvenir de moi&quot;, votre connexion persistera pendant deux semaines. Si vous vous d\u00e9connectez de votre compte, les cookies de connexion seront supprim\u00e9s.<\/p>\n\n\n\n<p>Si vous modifiez ou publiez un article, un cookie suppl\u00e9mentaire sera enregistr\u00e9 dans votre navigateur. Ce cookie ne contient aucune donn\u00e9e personnelle et indique simplement l&#039;identifiant de publication de l&#039;article que vous venez d&#039;\u00e9diter. Il expire apr\u00e8s 1 jour.<\/p>\n\n\n\n<h2 class=\"wp-block-heading\">Contenu int\u00e9gr\u00e9 d&#039;autres sites Web<\/h2>\n\n\n\n<p><strong class=\"privacy-policy-tutorial\">Texte sugg\u00e9r\u00e9\u00a0: <\/strong>Les articles de ce site peuvent inclure des contenus int\u00e9gr\u00e9s (par exemple des vid\u00e9os, des images, des articles, etc.). Le contenu int\u00e9gr\u00e9 d&#039;autres sites Web se comporte exactement de la m\u00eame mani\u00e8re que si le visiteur avait visit\u00e9 l&#039;autre site Web.<\/p>\n\n\n\n<p>Ces sites Web peuvent collecter des donn\u00e9es vous concernant, utiliser des cookies, int\u00e9grer un suivi tiers suppl\u00e9mentaire et surveiller votre interaction avec ce contenu int\u00e9gr\u00e9, y compris le suivi de votre interaction avec le contenu int\u00e9gr\u00e9 si vous avez un compte et \u00eates connect\u00e9 \u00e0 ce site Web.<\/p>\n\n\n\n<h2 class=\"wp-block-heading\">Avec qui partageons-nous vos donn\u00e9es<\/h2>\n\n\n\n<p><strong class=\"privacy-policy-tutorial\">Texte sugg\u00e9r\u00e9\u00a0: <\/strong>Si vous demandez une r\u00e9initialisation de mot de passe, votre adresse IP sera incluse dans l&#039;e-mail de r\u00e9initialisation.<\/p>\n\n\n\n<h2 class=\"wp-block-heading\">Combien de temps conservons-nous vos donn\u00e9es<\/h2>\n\n\n\n<p><strong class=\"privacy-policy-tutorial\">Texte sugg\u00e9r\u00e9\u00a0: <\/strong>Si vous laissez un commentaire, le commentaire et ses m\u00e9tadonn\u00e9es sont conserv\u00e9s ind\u00e9finiment. Cela nous permet de reconna\u00eetre et d&#039;approuver automatiquement tous les commentaires de suivi au lieu de les conserver dans une file d&#039;attente de mod\u00e9ration.<\/p>\n\n\n\n<p>Pour les utilisateurs qui s&#039;inscrivent sur notre site Web (le cas \u00e9ch\u00e9ant), nous stockons \u00e9galement les informations personnelles qu&#039;ils fournissent dans leur profil d&#039;utilisateur. Tous les utilisateurs peuvent voir, modifier ou supprimer leurs informations personnelles \u00e0 tout moment (sauf qu&#039;ils ne peuvent pas changer leur nom d&#039;utilisateur). Les administrateurs du site Web peuvent \u00e9galement voir et modifier ces informations.<\/p>\n\n\n\n<h2 class=\"wp-block-heading\">Quels droits avez-vous sur vos donn\u00e9es<\/h2>\n\n\n\n<p><strong class=\"privacy-policy-tutorial\">Texte sugg\u00e9r\u00e9\u00a0: <\/strong>Si vous avez un compte sur ce site, ou avez laiss\u00e9 des commentaires, vous pouvez demander \u00e0 recevoir un fichier export\u00e9 des donn\u00e9es personnelles que nous d\u00e9tenons \u00e0 votre sujet, y compris toutes les donn\u00e9es que vous nous avez fournies. Vous pouvez \u00e9galement nous demander d&#039;effacer toutes les donn\u00e9es personnelles que nous d\u00e9tenons \u00e0 votre sujet. Cela n&#039;inclut pas les donn\u00e9es que nous sommes oblig\u00e9s de conserver \u00e0 des fins administratives, juridiques ou de s\u00e9curit\u00e9.<\/p>\n\n\n\n<h2 class=\"wp-block-heading\">O\u00f9 nous envoyons vos donn\u00e9es<\/h2>\n\n\n\n<p><strong class=\"privacy-policy-tutorial\">Texte sugg\u00e9r\u00e9\u00a0: <\/strong>Les commentaires des visiteurs peuvent \u00eatre v\u00e9rifi\u00e9s par un service automatis\u00e9 de d\u00e9tection de spam.<\/p>","protected":false},"excerpt":{"rendered":"<p>Who we are Suggested text: Our website address is: http:\/\/gwcoloradoproperty.com. Comments Suggested text: When visitors leave comments on the site we collect the data shown in the comments form, and also the visitor\u2019s IP address and browser user agent string to help spam detection. An anonymized string created from your email address (also called a&hellip;&nbsp;<a href=\"https:\/\/gwcoloradoproperty.com\/fr\/politique-de-confidentialite\/\" rel=\"bookmark\">Read More &raquo;<span class=\"screen-reader-text\">politique de confidentialit\u00e9<\/span><\/a><\/p>","protected":false},"author":1,"featured_media":0,"parent":0,"menu_order":0,"comment_status":"closed","ping_status":"open","template":"","meta":{"_monsterinsights_skip_tracking":false,"_monsterinsights_sitenote_active":false,"_monsterinsights_sitenote_note":"","_monsterinsights_sitenote_category":0,"neve_meta_sidebar":"","neve_meta_container":"","neve_meta_enable_content_width":"","neve_meta_content_width":0,"neve_meta_title_alignment":"","neve_meta_author_avatar":"","neve_post_elements_order":"","neve_meta_disable_header":"","neve_meta_disable_footer":"","neve_meta_disable_title":"","neve_meta_reading_time":"","_ti_tpc_template_sync":false,"_ti_tpc_template_id":"","footnotes":""},"class_list":["post-3","page","type-page","status-publish","hentry"],"yoast_head":"<!-- This site is optimized with the Yoast SEO plugin v27.3 - https:\/\/yoast.com\/product\/yoast-seo-wordpress\/ -->\n<title>Privacy Policy - Gretchen Wicker Colorado Real Estate Agent<\/title>\n<meta name=\"description\" content=\"Gretchen Wicker Colorado Property Privacy Policy listed here. What data we collect and who it is shared with. Your privacy matters to us.\" \/>\n<meta name=\"robots\" content=\"index, follow, max-snippet:-1, max-image-preview:large, max-video-preview:-1\" \/>\n<link rel=\"canonical\" href=\"https:\/\/gwcoloradoproperty.com\/fr\/politique-de-confidentialite\/\" \/>\n<meta property=\"og:locale\" content=\"fr_CA\" \/>\n<meta property=\"og:type\" content=\"article\" \/>\n<meta property=\"og:title\" content=\"Privacy Policy - Gretchen Wicker Colorado Real Estate Agent\" \/>\n<meta property=\"og:description\" content=\"Gretchen Wicker Colorado Property Privacy Policy listed here. What data we collect and who it is shared with. Your privacy matters to us.\" \/>\n<meta property=\"og:url\" content=\"https:\/\/gwcoloradoproperty.com\/fr\/politique-de-confidentialite\/\" \/>\n<meta property=\"og:site_name\" content=\"Gretchen Wicker Colorado Real Estate Agent\" \/>\n<meta property=\"article:modified_time\" content=\"2022-10-05T11:47:44+00:00\" \/>\n<meta name=\"twitter:card\" content=\"summary_large_image\" \/>\n<meta name=\"twitter:label1\" content=\"Estimation du temps de lecture\" \/>\n\t<meta name=\"twitter:data1\" content=\"3 minutes\" \/>\n<script type=\"application\/ld+json\" class=\"yoast-schema-graph\">{\"@context\":\"https:\\\/\\\/schema.org\",\"@graph\":[{\"@type\":\"WebPage\",\"@id\":\"https:\\\/\\\/gwcoloradoproperty.com\\\/privacy-policy\\\/\",\"url\":\"https:\\\/\\\/gwcoloradoproperty.com\\\/privacy-policy\\\/\",\"name\":\"Privacy Policy - Gretchen Wicker Colorado Real Estate Agent\",\"isPartOf\":{\"@id\":\"https:\\\/\\\/gwcoloradoproperty.com\\\/#website\"},\"datePublished\":\"2021-11-19T00:37:46+00:00\",\"dateModified\":\"2022-10-05T11:47:44+00:00\",\"description\":\"Gretchen Wicker Colorado Property Privacy Policy listed here. What data we collect and who it is shared with. Your privacy matters to us.\",\"breadcrumb\":{\"@id\":\"https:\\\/\\\/gwcoloradoproperty.com\\\/privacy-policy\\\/#breadcrumb\"},\"inLanguage\":\"fr-CA\",\"potentialAction\":[{\"@type\":\"ReadAction\",\"target\":[\"https:\\\/\\\/gwcoloradoproperty.com\\\/privacy-policy\\\/\"]}]},{\"@type\":\"BreadcrumbList\",\"@id\":\"https:\\\/\\\/gwcoloradoproperty.com\\\/privacy-policy\\\/#breadcrumb\",\"itemListElement\":[{\"@type\":\"ListItem\",\"position\":1,\"name\":\"Home\",\"item\":\"https:\\\/\\\/gwcoloradoproperty.com\\\/\"},{\"@type\":\"ListItem\",\"position\":2,\"name\":\"Privacy Policy\"}]},{\"@type\":\"WebSite\",\"@id\":\"https:\\\/\\\/gwcoloradoproperty.com\\\/#website\",\"url\":\"https:\\\/\\\/gwcoloradoproperty.com\\\/\",\"name\":\"Gretchen Wicker Colorado Real Estate Agent\",\"description\":\"Your favorite property pro\",\"publisher\":{\"@id\":\"https:\\\/\\\/gwcoloradoproperty.com\\\/#organization\"},\"potentialAction\":[{\"@type\":\"SearchAction\",\"target\":{\"@type\":\"EntryPoint\",\"urlTemplate\":\"https:\\\/\\\/gwcoloradoproperty.com\\\/?s={search_term_string}\"},\"query-input\":{\"@type\":\"PropertyValueSpecification\",\"valueRequired\":true,\"valueName\":\"search_term_string\"}}],\"inLanguage\":\"fr-CA\"},{\"@type\":\"Organization\",\"@id\":\"https:\\\/\\\/gwcoloradoproperty.com\\\/#organization\",\"name\":\"Gretchen Wicker Colorado Real Estate Agent\",\"url\":\"https:\\\/\\\/gwcoloradoproperty.com\\\/\",\"logo\":{\"@type\":\"ImageObject\",\"inLanguage\":\"fr-CA\",\"@id\":\"https:\\\/\\\/gwcoloradoproperty.com\\\/#\\\/schema\\\/logo\\\/image\\\/\",\"url\":\"https:\\\/\\\/gwcoloradoproperty.com\\\/wp-content\\\/uploads\\\/2022\\\/02\\\/cropped-unnamed-modified.png\",\"contentUrl\":\"https:\\\/\\\/gwcoloradoproperty.com\\\/wp-content\\\/uploads\\\/2022\\\/02\\\/cropped-unnamed-modified.png\",\"width\":771,\"height\":771,\"caption\":\"Gretchen Wicker Colorado Real Estate Agent\"},\"image\":{\"@id\":\"https:\\\/\\\/gwcoloradoproperty.com\\\/#\\\/schema\\\/logo\\\/image\\\/\"}}]}<\/script>\n<!-- \/ Yoast SEO plugin. -->","yoast_head_json":{"title":"Privacy Policy - Gretchen Wicker Colorado Real Estate Agent","description":"Politique de confidentialit\u00e9 de la propri\u00e9t\u00e9 Gretchen Wicker Colorado r\u00e9pertori\u00e9e ici. Quelles donn\u00e9es nous collectons et avec qui elles sont partag\u00e9es. Votre vie priv\u00e9e nous tient \u00e0 c\u0153ur.","robots":{"index":"index","follow":"follow","max-snippet":"max-snippet:-1","max-image-preview":"max-image-preview:large","max-video-preview":"max-video-preview:-1"},"canonical":"https:\/\/gwcoloradoproperty.com\/fr\/politique-de-confidentialite\/","og_locale":"fr_CA","og_type":"article","og_title":"Privacy Policy - Gretchen Wicker Colorado Real Estate Agent","og_description":"Gretchen Wicker Colorado Property Privacy Policy listed here. What data we collect and who it is shared with. Your privacy matters to us.","og_url":"https:\/\/gwcoloradoproperty.com\/fr\/politique-de-confidentialite\/","og_site_name":"Gretchen Wicker Colorado Real Estate Agent","article_modified_time":"2022-10-05T11:47:44+00:00","twitter_card":"summary_large_image","twitter_misc":{"Estimation du temps de lecture":"3 minutes"},"schema":{"@context":"https:\/\/schema.org","@graph":[{"@type":"WebPage","@id":"https:\/\/gwcoloradoproperty.com\/privacy-policy\/","url":"https:\/\/gwcoloradoproperty.com\/privacy-policy\/","name":"Privacy Policy - Gretchen Wicker Colorado Real Estate Agent","isPartOf":{"@id":"https:\/\/gwcoloradoproperty.com\/#website"},"datePublished":"2021-11-19T00:37:46+00:00","dateModified":"2022-10-05T11:47:44+00:00","description":"Politique de confidentialit\u00e9 de la propri\u00e9t\u00e9 Gretchen Wicker Colorado r\u00e9pertori\u00e9e ici. Quelles donn\u00e9es nous collectons et avec qui elles sont partag\u00e9es. Votre vie priv\u00e9e nous tient \u00e0 c\u0153ur.","breadcrumb":{"@id":"https:\/\/gwcoloradoproperty.com\/privacy-policy\/#breadcrumb"},"inLanguage":"fr-CA","potentialAction":[{"@type":"ReadAction","target":["https:\/\/gwcoloradoproperty.com\/privacy-policy\/"]}]},{"@type":"BreadcrumbList","@id":"https:\/\/gwcoloradoproperty.com\/privacy-policy\/#breadcrumb","itemListElement":[{"@type":"ListItem","position":1,"name":"Home","item":"https:\/\/gwcoloradoproperty.com\/"},{"@type":"ListItem","position":2,"name":"Privacy Policy"}]},{"@type":"WebSite","@id":"https:\/\/gwcoloradoproperty.com\/#website","url":"https:\/\/gwcoloradoproperty.com\/","name":"Gretchen Wicker Colorado Real Estate Agent","description":"Votre pro de l&#039;immobilier pr\u00e9f\u00e9r\u00e9","publisher":{"@id":"https:\/\/gwcoloradoproperty.com\/#organization"},"potentialAction":[{"@type":"SearchAction","target":{"@type":"EntryPoint","urlTemplate":"https:\/\/gwcoloradoproperty.com\/?s={search_term_string}"},"query-input":{"@type":"PropertyValueSpecification","valueRequired":true,"valueName":"search_term_string"}}],"inLanguage":"fr-CA"},{"@type":"Organization","@id":"https:\/\/gwcoloradoproperty.com\/#organization","name":"Gretchen Wicker Colorado Real Estate Agent","url":"https:\/\/gwcoloradoproperty.com\/","logo":{"@type":"ImageObject","inLanguage":"fr-CA","@id":"https:\/\/gwcoloradoproperty.com\/#\/schema\/logo\/image\/","url":"https:\/\/gwcoloradoproperty.com\/wp-content\/uploads\/2022\/02\/cropped-unnamed-modified.png","contentUrl":"https:\/\/gwcoloradoproperty.com\/wp-content\/uploads\/2022\/02\/cropped-unnamed-modified.png","width":771,"height":771,"caption":"Gretchen Wicker Colorado Real Estate Agent"},"image":{"@id":"https:\/\/gwcoloradoproperty.com\/#\/schema\/logo\/image\/"}}]}},"amp_enabled":true,"_links":{"self":[{"href":"https:\/\/gwcoloradoproperty.com\/fr\/wp-json\/wp\/v2\/pages\/3","targetHints":{"allow":["GET"]}}],"collection":[{"href":"https:\/\/gwcoloradoproperty.com\/fr\/wp-json\/wp\/v2\/pages"}],"about":[{"href":"https:\/\/gwcoloradoproperty.com\/fr\/wp-json\/wp\/v2\/types\/page"}],"author":[{"embeddable":true,"href":"https:\/\/gwcoloradoproperty.com\/fr\/wp-json\/wp\/v2\/users\/1"}],"replies":[{"embeddable":true,"href":"https:\/\/gwcoloradoproperty.com\/fr\/wp-json\/wp\/v2\/comments?post=3"}],"version-history":[{"count":2,"href":"https:\/\/gwcoloradoproperty.com\/fr\/wp-json\/wp\/v2\/pages\/3\/revisions"}],"predecessor-version":[{"id":782,"href":"https:\/\/gwcoloradoproperty.com\/fr\/wp-json\/wp\/v2\/pages\/3\/revisions\/782"}],"wp:attachment":[{"href":"https:\/\/gwcoloradoproperty.com\/fr\/wp-json\/wp\/v2\/media?parent=3"}],"curies":[{"name":"wp","href":"https:\/\/api.w.org\/{rel}","templated":true}]}}